{"id":1197,"date":"2022-02-01T11:10:47","date_gmt":"2022-02-01T11:10:47","guid":{"rendered":"https:\/\/bikefactory.mx\/?page_id=1197"},"modified":"2023-02-08T05:27:37","modified_gmt":"2023-02-08T05:27:37","slug":"contact","status":"publish","type":"page","link":"https:\/\/bikefactory.mx\/?page_id=1197","title":{"rendered":"Contacto"},"content":{"rendered":"\n<div class=\"wp-block-uagb-container uagb-block-13882daa alignfull uagb-is-root-container\"><div class=\"uagb-container-inner-blocks-wrap\">\n<div class=\"wp-block-uagb-advanced-heading uagb-block-16e327c0\"><h1 class=\"uagb-heading-text\">CONT\u00c1CTANOS\u200b<\/h1><\/div>\n<\/div><\/div>\n\n\n\n<div class=\"wp-block-uagb-container uagb-block-2ecef18b alignfull uagb-is-root-container\">\n<div class=\"wp-block-uagb-google-map uagb-google-map__wrap uagb-block-fad0f09b\"><iframe class=\"uagb-google-map__iframe\" title=\"Google Map for Brainstorm Force\" src=\"https:\/\/www.google.com\/maps\/embed\/v1\/place?key=AIzaSyAsd_d46higiozY-zNqtr7zdA81Soswje4&amp;q=Brainstorm%20Force&amp;zoom=15&amp;language=en\" width=\"640\" height=\"400\" loading=\"lazy\"><\/iframe><\/div>\n<\/div>\n\n\n\n<div class=\"wp-block-uagb-container uagb-block-ad1530bc alignfull uagb-is-root-container\"><div class=\"uagb-container-inner-blocks-wrap\">\n<div class=\"wp-block-uagb-container uagb-block-83df77cf\">\n<div class=\"wp-block-uagb-info-box uagb-block-a7711547 uagb-infobox__content-wrap  uagb-infobox-icon-above-title uagb-infobox-image-valign-top\"><div class=\"uagb-ifb-content\"><div class=\"uagb-ifb-icon-wrap\"><svg xmlns=\"https:\/\/www.w3.org\/2000\/svg\" viewBox=\"0 0 640 512\"><path d=\"M416 32C451.3 32 480 60.65 480 96V144H528.8C545.6 144 561.5 151.5 572.2 164.5L630.1 236.4C636.8 243.5 640 252.5 640 261.7V352C640 369.7 625.7 384 608 384H606.4C607.4 389.2 608 394.5 608 400C608 444.2 572.2 480 528 480C483.8 480 448 444.2 448 400C448 394.5 448.6 389.2 449.6 384H286.4C287.4 389.2 288 394.5 288 400C288 444.2 252.2 480 208 480C181.8 480 158.6 467.4 144 448C129.4 467.4 106.2 480 80 480C35.82 480 0 444.2 0 400V96C0 60.65 28.65 32 64 32H416zM535 194.9C533.5 193.1 531.2 192 528.8 192H480V256H584.1L535 194.9zM528 432C545.7 432 560 417.7 560 400C560 382.3 545.7 368 528 368C510.3 368 496 382.3 496 400C496 417.7 510.3 432 528 432zM208 368C190.3 368 176 382.3 176 400C176 417.7 190.3 432 208 432C225.7 432 240 417.7 240 400C240 382.3 225.7 368 208 368zM80 432C97.67 432 112 417.7 112 400C112 382.3 97.67 368 80 368C62.33 368 48 382.3 48 400C48 417.7 62.33 432 80 432z\"><\/path><\/svg><\/div><div class=\"uagb-ifb-title-wrap\"><h5 class=\"uagb-ifb-title\">1 800 755 60 21\u200b<\/h5><\/div><p class=\"uagb-ifb-desc\">Consultas relacionadas con el servicio<\/p><\/div><\/div>\n<\/div>\n\n\n\n<div class=\"wp-block-uagb-container uagb-block-8224f686\">\n<div class=\"wp-block-uagb-info-box uagb-block-e88804d1 uagb-infobox__content-wrap  uagb-infobox-icon-above-title uagb-infobox-image-valign-top\"><div class=\"uagb-ifb-content\"><div class=\"uagb-ifb-icon-wrap\"><svg xmlns=\"https:\/\/www.w3.org\/2000\/svg\" viewBox=\"0 0 512 512\"><path d=\"M502.6 182.6l-45.25-45.25C451.4 131.4 443.3 128 434.8 128H384V80C384 53.5 362.5 32 336 32h-160C149.5 32 128 53.5 128 80V128H77.25c-8.5 0-16.62 3.375-22.62 9.375L9.375 182.6C3.375 188.6 0 196.8 0 205.3V304h128v-32C128 263.1 135.1 256 144 256h32C184.9 256 192 263.1 192 272v32h128v-32C320 263.1 327.1 256 336 256h32C376.9 256 384 263.1 384 272v32h128V205.3C512 196.8 508.6 188.6 502.6 182.6zM336 128h-160V80h160V128zM384 368c0 8.875-7.125 16-16 16h-32c-8.875 0-16-7.125-16-16v-32H192v32C192 376.9 184.9 384 176 384h-32C135.1 384 128 376.9 128 368v-32H0V448c0 17.62 14.38 32 32 32h448c17.62 0 32-14.38 32-32v-112h-128V368z\"><\/path><\/svg><\/div><div class=\"uagb-ifb-title-wrap\"><h5 class=\"uagb-ifb-title\">1 800 755 60 22<\/h5><\/div><p class=\"uagb-ifb-desc\">Consultas relacionadas con el servicio<\/p><\/div><\/div>\n<\/div>\n\n\n\n<div class=\"wp-block-uagb-container uagb-block-d05797e8\">\n<div class=\"wp-block-uagb-info-box uagb-block-73a0e867 uagb-infobox__content-wrap  uagb-infobox-icon-above-title uagb-infobox-image-valign-top\"><div class=\"uagb-ifb-content\"><div class=\"uagb-ifb-icon-wrap\"><svg xmlns=\"https:\/\/www.w3.org\/2000\/svg\" viewBox=\"0 0 576 512\"><path d=\"M495.5 223.2C491.6 223.7 487.6 224 483.4 224C457.4 224 434.2 212.6 418.3 195C402.4 212.6 379.2 224 353.1 224C327 224 303.8 212.6 287.9 195C272 212.6 248.9 224 222.7 224C196.7 224 173.5 212.6 157.6 195C141.7 212.6 118.5 224 92.36 224C88.3 224 84.21 223.7 80.24 223.2C24.92 215.8-1.255 150.6 28.33 103.8L85.66 13.13C90.76 4.979 99.87 0 109.6 0H466.4C476.1 0 485.2 4.978 490.3 13.13L547.6 103.8C577.3 150.7 551 215.8 495.5 223.2H495.5zM499.7 254.9C503.1 254.4 508 253.6 512 252.6V448C512 483.3 483.3 512 448 512H128C92.66 512 64 483.3 64 448V252.6C67.87 253.6 71.86 254.4 75.97 254.9L76.09 254.9C81.35 255.6 86.83 256 92.36 256C104.8 256 116.8 254.1 128 250.6V384H448V250.7C459.2 254.1 471.1 256 483.4 256C489 256 494.4 255.6 499.7 254.9L499.7 254.9z\"><\/path><\/svg><\/div><div class=\"uagb-ifb-title-wrap\"><h5 class=\"uagb-ifb-title\">+52 33 3662 2747<\/h5><\/div><p class=\"uagb-ifb-desc\">Consultas relacionadas con el concesionario<\/p><\/div><\/div>\n<\/div>\n<\/div><\/div>\n\n\n\n<div class=\"wp-block-uagb-container uagb-block-a4297415 alignfull uagb-is-root-container\"><div class=\"uagb-container-inner-blocks-wrap\">\n<div class=\"wp-block-uagb-container uag-blocks-common-selector uagb-block-ebfc5ec9\">\n<div class=\"wp-block-uagb-advanced-heading uagb-block-a4bd9b5b\"><h3 class=\"uagb-heading-text\">PONGAMOS EN CONTACTO<\/h3><\/div>\n\n\n<\/div>\n\n\n\n<div class=\"wp-block-uagb-container uagb-block-5efd0a30\">\n<div class=\"wp-block-uagb-advanced-heading uagb-block-bd3e71e5\"><h3 class=\"uagb-heading-text\">CONTACT DETAILS\u200b<\/h3><\/div>\n\n\n\n<div class=\"wp-block-uagb-advanced-heading uagb-block-f76a7086\"><h5 class=\"uagb-heading-text\">VISITANOS<\/h5><p class=\"uagb-desc-text\">10:00 AM &#8211; 22.00 PM<br>Monday &#8211; Friday<\/p><\/div>\n\n\n\n<div class=\"wp-block-uagb-advanced-heading uagb-block-d747f9fe\"><h5 class=\"uagb-heading-text\">TE ATENDEMOS<\/h5><p class=\"uagb-desc-text\">Base A\u00e9rea Militar 1439 45138 Zapopan, Jalisco, M\u00e9xico<\/p><\/div>\n\n\n\n<div class=\"wp-block-uagb-advanced-heading uagb-block-990e888f\"><h5 class=\"uagb-heading-text\">CONT\u00c1CTANOS<\/h5><p class=\"uagb-desc-text\">Phone: +52 33 3662 2747<br>Email: contacto@bikefactory.mx<\/p><\/div>\n<\/div>\n<\/div><\/div>\n","protected":false},"excerpt":{"rendered":"<p>CONT\u00c1CTANOS\u200b PONGAMOS EN CONTACTO CONTACT DETAILS\u200b VISITANOS 10:00 AM &#8211; 22.00 PMMonday &#8211; Friday TE ATENDEMOS Base A\u00e9rea Militar 1439 45138 Zapopan, Jalisco, M\u00e9xico CONT\u00c1CTANOS Phone: +52 33 3662 2747Email: contacto@bikefactory.mx<\/p>\n","protected":false},"author":1,"featured_media":0,"parent":0,"menu_order":0,"comment_status":"closed","ping_status":"closed","template":"","meta":{"_uag_custom_page_level_css":"","site-sidebar-layout":"no-sidebar","site-content-layout":"plain-container","ast-global-header-display":"","ast-banner-title-visibility":"","ast-main-header-display":"","ast-hfb-above-header-display":"","ast-hfb-below-header-display":"","ast-hfb-mobile-header-display":"","site-post-title":"disabled","ast-breadcrumbs-content":"","ast-featured-img":"disabled","footer-sml-layout":"","theme-transparent-header-meta":"enabled","adv-header-id-meta":"","stick-header-meta":"","header-above-stick-meta":"","header-main-stick-meta":"","header-below-stick-meta":"","footnotes":""},"class_list":["post-1197","page","type-page","status-publish","hentry"],"uagb_featured_image_src":{"full":false,"thumbnail":false,"medium":false,"medium_large":false,"large":false,"1536x1536":false,"2048x2048":false,"woocommerce_thumbnail":false,"woocommerce_single":false,"woocommerce_gallery_thumbnail":false},"uagb_author_info":{"display_name":"admin","author_link":"https:\/\/bikefactory.mx\/?author=1"},"uagb_comment_info":0,"uagb_excerpt":"CONT\u00c1CTANOS\u200b PONGAMOS EN CONTACTO CONTACT DETAILS\u200b VISITANOS 10:00 AM &#8211; 22.00 PMMonday &#8211; Friday TE ATENDEMOS Base A\u00e9rea Militar 1439 45138 Zapopan, Jalisco, M\u00e9xico CONT\u00c1CTANOS Phone: +52 33 3662 2747Email: contacto@bikefactory.mx","_links":{"self":[{"href":"https:\/\/bikefactory.mx\/index.php?rest_route=\/wp\/v2\/pages\/1197","targetHints":{"allow":["GET"]}}],"collection":[{"href":"https:\/\/bikefactory.mx\/index.php?rest_route=\/wp\/v2\/pages"}],"about":[{"href":"https:\/\/bikefactory.mx\/index.php?rest_route=\/wp\/v2\/types\/page"}],"author":[{"embeddable":true,"href":"https:\/\/bikefactory.mx\/index.php?rest_route=\/wp\/v2\/users\/1"}],"replies":[{"embeddable":true,"href":"https:\/\/bikefactory.mx\/index.php?rest_route=%2Fwp%2Fv2%2Fcomments&post=1197"}],"version-history":[{"count":4,"href":"https:\/\/bikefactory.mx\/index.php?rest_route=\/wp\/v2\/pages\/1197\/revisions"}],"predecessor-version":[{"id":1644,"href":"https:\/\/bikefactory.mx\/index.php?rest_route=\/wp\/v2\/pages\/1197\/revisions\/1644"}],"wp:attachment":[{"href":"https:\/\/bikefactory.mx\/index.php?rest_route=%2Fwp%2Fv2%2Fmedia&parent=1197"}],"curies":[{"name":"wp","href":"https:\/\/api.w.org\/{rel}","templated":true}]}}